{"id":7842,"date":"2025-09-04T12:12:27","date_gmt":"2025-09-04T10:12:27","guid":{"rendered":"https:\/\/geosfilm.com\/?post_type=product&#038;p=7842"},"modified":"2025-09-04T14:00:54","modified_gmt":"2025-09-04T12:00:54","slug":"stream-lacrime-delle-dolomiti-di-sesto-italiano","status":"publish","type":"product","link":"https:\/\/geosfilm.com\/it\/produkt\/stream-lacrime-delle-dolomiti-di-sesto-italiano\/","title":{"rendered":"Stream &#8211; Lacrime delle Dolomiti di Sesto &#8211; Italiano"},"content":{"rendered":"<p data-start=\"110\" data-end=\"150\">Ora in streaming in lingua italiana!<\/p>\n<p data-start=\"152\" data-end=\"182\">Un film di Hubert Sch\u00f6negger<\/p>\n<p data-start=\"184\" data-end=\"1281\">Come il suo avversario Peter, anche Franz viene arruolato nel 1915 come Standsch\u00fctze al fronte delle Dolomiti. \u00c8 figlio di un matrimonio italo-tedesco e fatica a difendersi dai pregiudizi e dalla xenofobia del villaggio. Da quando incombe la guerra con l\u2019Italia, la situazione \u00e8 diventata particolarmente dura. Peter \u00e8 amico di Anna e la ama. Anna, figlia del medico e presto infermiera da campo, \u00e8 incerta. Proprio lei comincia a guardare con interesse Franz. Peter non ha mai sopportato Franz. Ora i due sono rivali, diventano nemici giurati e si ritrovano persino nella stessa unit\u00e0. Costretti a stare insieme, maturano in guerra come camerati tra roccia e ghiaccio. Entrambi imparano a conoscere e superare i propri limiti, fino a stringere persino amicizia. Questa amicizia li sostiene nella lotta drammatica e colma di privazioni contro il nemico, contro superiori crudeli, contro il pi\u00f9 grande avversario \u2013 la natura spietata ed estrema dell\u2019alta montagna \u2013 ma anche contro le proprie debolezze. Tuttavia, solo uno dei due amici torner\u00e0 dalla dura prova al fronte delle Dolomiti di Sesto\u2026<\/p>\n<p data-start=\"1283\" data-end=\"1308\">Durata: ca. 134 min<\/p>\n<p data-start=\"1310\" data-end=\"1332\">Lingua: italiano<\/p>\n","protected":false},"excerpt":{"rendered":"<p>Ora in streaming in lingua italiana! Un film di Hubert Sch\u00f6negger Come il suo avversario Peter, anche Franz viene arruolato nel 1915 come Standsch\u00fctze al fronte delle Dolomiti. \u00c8 figlio di un matrimonio italo-tedesco e fatica a difendersi dai pregiudizi e dalla xenofobia del villaggio. Da quando incombe la guerra con l\u2019Italia, la situazione \u00e8&hellip;&nbsp;<a href=\"https:\/\/geosfilm.com\/it\/produkt\/stream-lacrime-delle-dolomiti-di-sesto-italiano\/\" rel=\"bookmark\">Leggi tutto &raquo;<span class=\"screen-reader-text\">Stream &#8211; Lacrime delle Dolomiti di Sesto &#8211; Italiano<\/span><\/a><\/p>\n","protected":false},"featured_media":179,"template":"","meta":{"prwc_products":"","prwc_not_all_products_required":false,"prwc_not_bought_page":"","prwc_redirect_not_bought":false,"prwc_not_logged_in_page":"","prwc_redirect_not_logged_in":false,"prwc_timeout_days":0,"prwc_timeout_hours":0,"prwc_timeout_minutes":0,"prwc_timeout_seconds":0,"prwc_timeout_views":0,"neve_meta_sidebar":"","neve_meta_container":"","neve_meta_enable_content_width":"off","neve_meta_content_width":100,"neve_meta_title_alignment":"","neve_meta_author_avatar":"","neve_post_elements_order":"","neve_meta_disable_header":"","neve_meta_disable_footer":"","neve_meta_disable_title":"","_themeisle_gutenberg_block_has_review":false},"product_brand":[],"product_cat":[626],"product_tag":[625],"class_list":{"0":"post-7842","1":"product","2":"type-product","3":"status-publish","4":"has-post-thumbnail","6":"product_cat-stream-italiano","7":"product_tag-stream-it","8":"pa_description_tag-dvd-traenen-der-sextner-dolomiten-it","10":"first","11":"instock","12":"virtual","13":"taxable","14":"purchasable","15":"product-type-simple"},"_links":{"self":[{"href":"https:\/\/geosfilm.com\/it\/wp-json\/wp\/v2\/product\/7842","targetHints":{"allow":["GET"]}}],"collection":[{"href":"https:\/\/geosfilm.com\/it\/wp-json\/wp\/v2\/product"}],"about":[{"href":"https:\/\/geosfilm.com\/it\/wp-json\/wp\/v2\/types\/product"}],"wp:featuredmedia":[{"embeddable":true,"href":"https:\/\/geosfilm.com\/it\/wp-json\/wp\/v2\/media\/179"}],"wp:attachment":[{"href":"https:\/\/geosfilm.com\/it\/wp-json\/wp\/v2\/media?parent=7842"}],"wp:term":[{"taxonomy":"product_brand","embeddable":true,"href":"https:\/\/geosfilm.com\/it\/wp-json\/wp\/v2\/product_brand?post=7842"},{"taxonomy":"product_cat","embeddable":true,"href":"https:\/\/geosfilm.com\/it\/wp-json\/wp\/v2\/product_cat?post=7842"},{"taxonomy":"product_tag","embeddable":true,"href":"https:\/\/geosfilm.com\/it\/wp-json\/wp\/v2\/product_tag?post=7842"}],"curies":[{"name":"wp","href":"https:\/\/api.w.org\/{rel}","templated":true}]}}