{"id":7677,"date":"2025-08-06T12:55:34","date_gmt":"2025-08-06T10:55:34","guid":{"rendered":"https:\/\/geosfilm.com\/?post_type=product&#038;p=7677"},"modified":"2025-09-05T14:31:47","modified_gmt":"2025-09-05T12:31:47","slug":"stream-sullorlo-del-precipizio-tedesco","status":"publish","type":"product","link":"https:\/\/geosfilm.com\/it\/produkt\/stream-sullorlo-del-precipizio-tedesco\/","title":{"rendered":"Stream &#8211; Sull\u00b4orlo del precipizio &#8211; Tedesco"},"content":{"rendered":"<p><strong>Stream in lingua tedesca!<\/strong><\/p>\n<p>Un Film di Hubert Sch\u00f6negger<\/p>\n<p>Il presente non conosce un futuro. La quotidianit\u00e0 \u00e8 contemporaneamente presente e futuro. Hubert Sch\u00f6negger ha seguito nel corso dell\u00b4anno le tracce di due contadini di montagna: dei fratelli Gottfried e Hans Wieser dell\u00b4omonimo maso Wieser nella valle San Silvestro, situato su in alto, dove l\u00b4aquila compie il suo volo e l\u00b4alito gracile del vento si trasforma in violenta bufera. Hans \u00e8 diventato vecchio, ammalato e pieno di rughe. Ma ogni ruga ha la propria storia, che racconta di tempi passati, quando non si sapeva ancora cos\u00b4\u00e8 la frenesia e la parola stress non era inserita nei dizionari ortografici. E Friedl, come viene chiamato Gottfried, \u00e8 il pi\u00f9 giovane dei due, ma anche il pi\u00f9 robusto e sano. Infatti \u00e8 lui che porta panni pesanti pieni di erba secca nel fienile, bada alle bestie nella stalla e fa da mangiare per cena.<\/p>\n<p>Durata ca.29min.<\/p>\n","protected":false},"excerpt":{"rendered":"<p>Stream in lingua tedesca! Un Film di Hubert Sch\u00f6negger Il presente non conosce un futuro. La quotidianit\u00e0 \u00e8 contemporaneamente presente e futuro. Hubert Sch\u00f6negger ha seguito nel corso dell\u00b4anno le tracce di due contadini di montagna: dei fratelli Gottfried e Hans Wieser dell\u00b4omonimo maso Wieser nella valle San Silvestro, situato su in alto, dove l\u00b4aquila&hellip;&nbsp;<a href=\"https:\/\/geosfilm.com\/it\/produkt\/stream-sullorlo-del-precipizio-tedesco\/\" rel=\"bookmark\">Leggi tutto &raquo;<span class=\"screen-reader-text\">Stream &#8211; Sull\u00b4orlo del precipizio &#8211; Tedesco<\/span><\/a><\/p>\n","protected":false},"featured_media":1592,"template":"","meta":{"prwc_products":"","prwc_not_all_products_required":false,"prwc_not_bought_page":"","prwc_redirect_not_bought":false,"prwc_not_logged_in_page":"","prwc_redirect_not_logged_in":false,"prwc_timeout_days":0,"prwc_timeout_hours":0,"prwc_timeout_minutes":0,"prwc_timeout_seconds":0,"prwc_timeout_views":0,"neve_meta_sidebar":"","neve_meta_container":"","neve_meta_enable_content_width":"off","neve_meta_content_width":100,"neve_meta_title_alignment":"","neve_meta_author_avatar":"","neve_post_elements_order":"","neve_meta_disable_header":"","neve_meta_disable_footer":"","neve_meta_disable_title":"","_themeisle_gutenberg_block_has_review":false},"product_brand":[],"product_cat":[620],"product_tag":[625],"class_list":{"0":"post-7677","1":"product","2":"type-product","3":"status-publish","4":"has-post-thumbnail","6":"product_cat-stream","7":"product_tag-stream-it","8":"pa_description_tag-dvd-am-abgrund-it","9":"pa_sprache-italiano-it-2","10":"pa_sprache-tedesco-it","11":"pa_title_tag-dvd-am-abgrund-4","13":"first","14":"instock","15":"virtual","16":"taxable","17":"purchasable","18":"product-type-simple"},"_links":{"self":[{"href":"https:\/\/geosfilm.com\/it\/wp-json\/wp\/v2\/product\/7677","targetHints":{"allow":["GET"]}}],"collection":[{"href":"https:\/\/geosfilm.com\/it\/wp-json\/wp\/v2\/product"}],"about":[{"href":"https:\/\/geosfilm.com\/it\/wp-json\/wp\/v2\/types\/product"}],"wp:featuredmedia":[{"embeddable":true,"href":"https:\/\/geosfilm.com\/it\/wp-json\/wp\/v2\/media\/1592"}],"wp:attachment":[{"href":"https:\/\/geosfilm.com\/it\/wp-json\/wp\/v2\/media?parent=7677"}],"wp:term":[{"taxonomy":"product_brand","embeddable":true,"href":"https:\/\/geosfilm.com\/it\/wp-json\/wp\/v2\/product_brand?post=7677"},{"taxonomy":"product_cat","embeddable":true,"href":"https:\/\/geosfilm.com\/it\/wp-json\/wp\/v2\/product_cat?post=7677"},{"taxonomy":"product_tag","embeddable":true,"href":"https:\/\/geosfilm.com\/it\/wp-json\/wp\/v2\/product_tag?post=7677"}],"curies":[{"name":"wp","href":"https:\/\/api.w.org\/{rel}","templated":true}]}}