{"id":7275,"date":"2025-05-22T15:04:28","date_gmt":"2025-05-22T13:04:28","guid":{"rendered":"https:\/\/geosfilm.com\/?post_type=product&#038;p=7275"},"modified":"2025-09-05T14:31:22","modified_gmt":"2025-09-05T12:31:22","slug":"stream-l-uomo-tra-i-monti-tedesco","status":"publish","type":"product","link":"https:\/\/geosfilm.com\/it\/produkt\/stream-l-uomo-tra-i-monti-tedesco\/","title":{"rendered":"Stream &#8211; L&#8217; uomo tra i monti &#8211; Tedesco"},"content":{"rendered":"<p><strong>Stream in lingua tedesca!<\/strong><\/p>\n<p>Un Film di Hubert Sch\u00f6negger<\/p>\n<p>La vita in montagna \u00e8 dura, \u00e8 sempre stata dura. I campi scoscesi devono essere coltivati, la legna del bosco portata a valle ed il maso adattato per l\u00b4inverno. Ma il popolo montanaro ama la sua terra ed \u00e8 felice. Ci sono zone, dove la gente vive ancora le usanze come le sono state tramandate dagli antenati. Questo singolare documentario fornisce una visione della gente delle Dolomiti: la vita, la religiosit\u00e0 ed il grande rispetto per la natura. Tradizioni rivivono con la felicit\u00e0, le montagne, l\u00b4estate e l\u00b4inverno.<\/p>\n<p>Durata ca.45min.<\/p>\n","protected":false},"excerpt":{"rendered":"<p>Stream in lingua tedesca! Un Film di Hubert Sch\u00f6negger La vita in montagna \u00e8 dura, \u00e8 sempre stata dura. I campi scoscesi devono essere coltivati, la legna del bosco portata a valle ed il maso adattato per l\u00b4inverno. Ma il popolo montanaro ama la sua terra ed \u00e8 felice. Ci sono zone, dove la gente&hellip;&nbsp;<a href=\"https:\/\/geosfilm.com\/it\/produkt\/stream-l-uomo-tra-i-monti-tedesco\/\" rel=\"bookmark\">Leggi tutto &raquo;<span class=\"screen-reader-text\">Stream &#8211; L&#8217; uomo tra i monti &#8211; Tedesco<\/span><\/a><\/p>\n","protected":false},"featured_media":7280,"template":"","meta":{"prwc_products":"","prwc_not_all_products_required":false,"prwc_not_bought_page":"","prwc_redirect_not_bought":false,"prwc_not_logged_in_page":"","prwc_redirect_not_logged_in":false,"prwc_timeout_days":0,"prwc_timeout_hours":0,"prwc_timeout_minutes":0,"prwc_timeout_seconds":0,"prwc_timeout_views":0,"neve_meta_sidebar":"","neve_meta_container":"","neve_meta_enable_content_width":"off","neve_meta_content_width":100,"neve_meta_title_alignment":"","neve_meta_author_avatar":"","neve_post_elements_order":"","neve_meta_disable_header":"","neve_meta_disable_footer":"","neve_meta_disable_title":"","_themeisle_gutenberg_block_has_review":false},"product_brand":[],"product_cat":[620],"product_tag":[625],"class_list":{"0":"post-7275","1":"product","2":"type-product","3":"status-publish","4":"has-post-thumbnail","6":"product_cat-stream","7":"product_tag-stream-it","8":"pa_description_tag-dvd-meine-heimat-mein-leben-it","9":"pa_sprache-italiano-it-2","10":"pa_sprache-tedesco-it","11":"pa_title_tag-dvd-meine-heimat-mein-leben-4","13":"first","14":"instock","15":"virtual","16":"taxable","17":"purchasable","18":"product-type-simple"},"_links":{"self":[{"href":"https:\/\/geosfilm.com\/it\/wp-json\/wp\/v2\/product\/7275","targetHints":{"allow":["GET"]}}],"collection":[{"href":"https:\/\/geosfilm.com\/it\/wp-json\/wp\/v2\/product"}],"about":[{"href":"https:\/\/geosfilm.com\/it\/wp-json\/wp\/v2\/types\/product"}],"wp:featuredmedia":[{"embeddable":true,"href":"https:\/\/geosfilm.com\/it\/wp-json\/wp\/v2\/media\/7280"}],"wp:attachment":[{"href":"https:\/\/geosfilm.com\/it\/wp-json\/wp\/v2\/media?parent=7275"}],"wp:term":[{"taxonomy":"product_brand","embeddable":true,"href":"https:\/\/geosfilm.com\/it\/wp-json\/wp\/v2\/product_brand?post=7275"},{"taxonomy":"product_cat","embeddable":true,"href":"https:\/\/geosfilm.com\/it\/wp-json\/wp\/v2\/product_cat?post=7275"},{"taxonomy":"product_tag","embeddable":true,"href":"https:\/\/geosfilm.com\/it\/wp-json\/wp\/v2\/product_tag?post=7275"}],"curies":[{"name":"wp","href":"https:\/\/api.w.org\/{rel}","templated":true}]}}