{"id":1656,"date":"2023-11-01T12:21:36","date_gmt":"2023-11-01T11:21:36","guid":{"rendered":"https:\/\/solang-der-herrgott-will.it\/?post_type=product&#038;p=1656"},"modified":"2023-11-08T17:59:16","modified_gmt":"2023-11-08T17:59:16","slug":"parco-naturale-vedrette-di-ries-aurina","status":"publish","type":"product","link":"https:\/\/geosfilm.com\/it\/produkt\/parco-naturale-vedrette-di-ries-aurina\/","title":{"rendered":"Parco Naturale Vedrette di Ries &#8211; Aurina"},"content":{"rendered":"<p>I confini della natura e i confini degli uomini<\/p>\n<p> Un film di Hubert Sch\u00f6negger<\/p>\n<p> Il Parco Naturale Vedrette di Ries-Aurina, nella porzione nord-orientale dell&#8217;Alto Adige, \u00e8 caratterizzato dalla presenza di alte vallate, in parte plasmate dall&#8217;uomo e, alle quote pi\u00f9 elevate, da aree completamente selvagge. La risultante di questa combinazione sono paesaggi affascinanti e una ricca variet\u00e0 di habitat, con numerose specie animali e vegetali. L&#8217;uomo ha contribuito gi\u00e0 da tempi antichissimi a forgiare dolci pendii montuosi e verdi vallate. Alle quote pi\u00f9 alte si \u00e8 dovuto per\u00f2 arrendere ai propri limiti. Le accidentate cime e il ghiaccio eterno rimangono, infatti, appannaggio esclusivo della natura.<\/p>\n<p>Durata ca.18min.<\/p>\n","protected":false},"excerpt":{"rendered":"<p>I confini della natura e i confini degli uomini Un film di Hubert Sch\u00f6negger Il Parco Naturale Vedrette di Ries-Aurina, nella porzione nord-orientale dell&#8217;Alto Adige, \u00e8 caratterizzato dalla presenza di alte vallate, in parte plasmate dall&#8217;uomo e, alle quote pi\u00f9 elevate, da aree completamente selvagge. La risultante di questa combinazione sono paesaggi affascinanti e una&hellip;&nbsp;<a href=\"https:\/\/geosfilm.com\/it\/produkt\/parco-naturale-vedrette-di-ries-aurina\/\" rel=\"bookmark\">Leggi tutto &raquo;<span class=\"screen-reader-text\">Parco Naturale Vedrette di Ries &#8211; Aurina<\/span><\/a><\/p>\n","protected":false},"featured_media":1658,"template":"","meta":{"prwc_products":"","prwc_not_all_products_required":false,"prwc_not_bought_page":"","prwc_redirect_not_bought":false,"prwc_not_logged_in_page":"","prwc_redirect_not_logged_in":false,"prwc_timeout_days":0,"prwc_timeout_hours":0,"prwc_timeout_minutes":0,"prwc_timeout_seconds":0,"prwc_timeout_views":0,"neve_meta_sidebar":"","neve_meta_container":"","neve_meta_enable_content_width":"","neve_meta_content_width":0,"neve_meta_title_alignment":"","neve_meta_author_avatar":"","neve_post_elements_order":"","neve_meta_disable_header":"","neve_meta_disable_footer":"","neve_meta_disable_title":"","_themeisle_gutenberg_block_has_review":false},"product_brand":[],"product_cat":[302],"product_tag":[],"class_list":{"0":"post-1656","1":"product","2":"type-product","3":"status-publish","4":"has-post-thumbnail","6":"product_cat-tutti-i-film","7":"pa_description_tag-dvd-naturpark-rieserferner-ahrn-it","8":"pa_sprache-italiano-it-2","9":"pa_sprache-tedesco-it","10":"pa_title_tag-dvd-naturpark-rieserferner-ahrn-4","12":"first","13":"instock","14":"taxable","15":"shipping-taxable","16":"purchasable","17":"product-type-variable"},"_links":{"self":[{"href":"https:\/\/geosfilm.com\/it\/wp-json\/wp\/v2\/product\/1656","targetHints":{"allow":["GET"]}}],"collection":[{"href":"https:\/\/geosfilm.com\/it\/wp-json\/wp\/v2\/product"}],"about":[{"href":"https:\/\/geosfilm.com\/it\/wp-json\/wp\/v2\/types\/product"}],"wp:featuredmedia":[{"embeddable":true,"href":"https:\/\/geosfilm.com\/it\/wp-json\/wp\/v2\/media\/1658"}],"wp:attachment":[{"href":"https:\/\/geosfilm.com\/it\/wp-json\/wp\/v2\/media?parent=1656"}],"wp:term":[{"taxonomy":"product_brand","embeddable":true,"href":"https:\/\/geosfilm.com\/it\/wp-json\/wp\/v2\/product_brand?post=1656"},{"taxonomy":"product_cat","embeddable":true,"href":"https:\/\/geosfilm.com\/it\/wp-json\/wp\/v2\/product_cat?post=1656"},{"taxonomy":"product_tag","embeddable":true,"href":"https:\/\/geosfilm.com\/it\/wp-json\/wp\/v2\/product_tag?post=1656"}],"curies":[{"name":"wp","href":"https:\/\/api.w.org\/{rel}","templated":true}]}}