{"id":1641,"date":"2023-11-01T12:21:33","date_gmt":"2023-11-01T11:21:33","guid":{"rendered":"https:\/\/solang-der-herrgott-will.it\/?post_type=product&#038;p=1641"},"modified":"2023-12-26T20:26:18","modified_gmt":"2023-12-26T20:26:18","slug":"parco-naturale-monte-corno","status":"publish","type":"product","link":"https:\/\/geosfilm.com\/it\/produkt\/parco-naturale-monte-corno\/","title":{"rendered":"Parco Naturale Monte Corno"},"content":{"rendered":"<p>Il tempo visibile e quello sommerso<\/p>\n<p> Un Film di Hubert Sch\u00f6negger<\/p>\n<p> Il parco naturale pi\u00f9 meridionale e quindi dal clima pi\u00f9 mite, tra i parchi dell\u2019Alto Adige, ammalia per la sua straordinaria variet\u00e0. I suoi boschi si estendono sui diversi orizzonti vegetazionali e nascondono affascinanti torbiere \u2013 retaggio di tempi ormai passati. \u00c8 un parco naturale dai forti contrasti, dove s\u2019incontrano calcari dolomitici chiari, soggetti a fenomeni carsici e la pi\u00f9 antica roccia porfirica, di colore marrone-rossiccio ed impermeabile. \u00c8 necessario indurre sensibilit\u00e0 e consapevolezza, per queste silenziose oasi della natura, affinch\u00e9 l\u2019incanto di questi paesaggi, nel sud della nostra provincia, possa essere conservato anche per il futuro.<\/p>\n<p>Durata ca.18min.<\/p>\n","protected":false},"excerpt":{"rendered":"<p>Il tempo visibile e quello sommerso Un Film di Hubert Sch\u00f6negger Il parco naturale pi\u00f9 meridionale e quindi dal clima pi\u00f9 mite, tra i parchi dell\u2019Alto Adige, ammalia per la sua straordinaria variet\u00e0. I suoi boschi si estendono sui diversi orizzonti vegetazionali e nascondono affascinanti torbiere \u2013 retaggio di tempi ormai passati. \u00c8 un parco&hellip;&nbsp;<a href=\"https:\/\/geosfilm.com\/it\/produkt\/parco-naturale-monte-corno\/\" rel=\"bookmark\">Leggi tutto &raquo;<span class=\"screen-reader-text\">Parco Naturale Monte Corno<\/span><\/a><\/p>\n","protected":false},"featured_media":1643,"template":"","meta":{"prwc_products":"","prwc_not_all_products_required":false,"prwc_not_bought_page":"","prwc_redirect_not_bought":false,"prwc_not_logged_in_page":"","prwc_redirect_not_logged_in":false,"prwc_timeout_days":0,"prwc_timeout_hours":0,"prwc_timeout_minutes":0,"prwc_timeout_seconds":0,"prwc_timeout_views":0,"neve_meta_sidebar":"","neve_meta_container":"","neve_meta_enable_content_width":"","neve_meta_content_width":0,"neve_meta_title_alignment":"","neve_meta_author_avatar":"","neve_post_elements_order":"","neve_meta_disable_header":"","neve_meta_disable_footer":"","neve_meta_disable_title":"","_themeisle_gutenberg_block_has_review":false},"product_brand":[],"product_cat":[302],"product_tag":[],"class_list":{"0":"post-1641","1":"product","2":"type-product","3":"status-publish","4":"has-post-thumbnail","6":"product_cat-tutti-i-film","7":"pa_description_tag-dvd-naturpark-trudner-horn-it","8":"pa_sprache-italiano-it-2","9":"pa_sprache-tedesco-it","10":"pa_title_tag-dvd-naturpark-trudner-horn-4","12":"first","13":"instock","14":"taxable","15":"shipping-taxable","16":"purchasable","17":"product-type-variable"},"_links":{"self":[{"href":"https:\/\/geosfilm.com\/it\/wp-json\/wp\/v2\/product\/1641","targetHints":{"allow":["GET"]}}],"collection":[{"href":"https:\/\/geosfilm.com\/it\/wp-json\/wp\/v2\/product"}],"about":[{"href":"https:\/\/geosfilm.com\/it\/wp-json\/wp\/v2\/types\/product"}],"wp:featuredmedia":[{"embeddable":true,"href":"https:\/\/geosfilm.com\/it\/wp-json\/wp\/v2\/media\/1643"}],"wp:attachment":[{"href":"https:\/\/geosfilm.com\/it\/wp-json\/wp\/v2\/media?parent=1641"}],"wp:term":[{"taxonomy":"product_brand","embeddable":true,"href":"https:\/\/geosfilm.com\/it\/wp-json\/wp\/v2\/product_brand?post=1641"},{"taxonomy":"product_cat","embeddable":true,"href":"https:\/\/geosfilm.com\/it\/wp-json\/wp\/v2\/product_cat?post=1641"},{"taxonomy":"product_tag","embeddable":true,"href":"https:\/\/geosfilm.com\/it\/wp-json\/wp\/v2\/product_tag?post=1641"}],"curies":[{"name":"wp","href":"https:\/\/api.w.org\/{rel}","templated":true}]}}