{"id":1575,"date":"2023-11-01T12:21:15","date_gmt":"2023-11-01T11:21:15","guid":{"rendered":"https:\/\/solang-der-herrgott-will.it\/?post_type=product&#038;p=1575"},"modified":"2023-11-23T08:25:53","modified_gmt":"2023-11-23T08:25:53","slug":"sulle-tracce-dello-stambecco","status":"publish","type":"product","link":"https:\/\/geosfilm.com\/it\/produkt\/sulle-tracce-dello-stambecco\/","title":{"rendered":"Sulle tracce dello stambecco"},"content":{"rendered":"<p>animali, uomini e cacciatori in Alto Adige<\/p>\n<p> Un Film di Hubert Sch\u00f6negger &amp; Karl Mittermaier<\/p>\n<p> L\u00b4Alto Adige, terra di montagna, si contraddistingue per il suo affascinante paesaggio montano. Da sempre la regione \u00e8 popolata da una ricca variet\u00e0 di selvaggina e perci\u00f2 la cultura venatoria \u00e8 inseparabilmente collegata con la fauna. Qui l\u00b4uomo ha imparato col passare del tempo a non dare solamente la caccia agli animali selvatici, ma di prendersene anche premurosamente cura in armonia con la natura. Tema centrale del film sono lo stambecco e le diverse specie di selvaggina del posto, che si trovano dal limite boschivo fino ins\u00f9 alle vette delle montagne. Oltretutto gli animali selvatici sono posti di fronte al completo contesto uomo \u2013 cacciatore \u2013 paesaggio. Osservare l\u00b4uomo (da cacciatore) e la selvaggina durante l\u00b4arco dell\u00b4anno fanno emergere tutte le affinit\u00e0 e diversit\u00e0.<\/p>\n<p>Durata ca.44min.<\/p>\n","protected":false},"excerpt":{"rendered":"<p>animali, uomini e cacciatori in Alto Adige Un Film di Hubert Sch\u00f6negger &amp; Karl Mittermaier L\u00b4Alto Adige, terra di montagna, si contraddistingue per il suo affascinante paesaggio montano. Da sempre la regione \u00e8 popolata da una ricca variet\u00e0 di selvaggina e perci\u00f2 la cultura venatoria \u00e8 inseparabilmente collegata con la fauna. Qui l\u00b4uomo ha imparato&hellip;&nbsp;<a href=\"https:\/\/geosfilm.com\/it\/produkt\/sulle-tracce-dello-stambecco\/\" rel=\"bookmark\">Leggi tutto &raquo;<span class=\"screen-reader-text\">Sulle tracce dello stambecco<\/span><\/a><\/p>\n","protected":false},"featured_media":1577,"template":"","meta":{"prwc_products":"","prwc_not_all_products_required":false,"prwc_not_bought_page":"","prwc_redirect_not_bought":false,"prwc_not_logged_in_page":"","prwc_redirect_not_logged_in":false,"prwc_timeout_days":0,"prwc_timeout_hours":0,"prwc_timeout_minutes":0,"prwc_timeout_seconds":0,"prwc_timeout_views":0,"neve_meta_sidebar":"","neve_meta_container":"","neve_meta_enable_content_width":"","neve_meta_content_width":0,"neve_meta_title_alignment":"","neve_meta_author_avatar":"","neve_post_elements_order":"","neve_meta_disable_header":"","neve_meta_disable_footer":"","neve_meta_disable_title":"","_themeisle_gutenberg_block_has_review":false},"product_brand":[],"product_cat":[302],"product_tag":[],"class_list":{"0":"post-1575","1":"product","2":"type-product","3":"status-publish","4":"has-post-thumbnail","6":"product_cat-tutti-i-film","7":"pa_description_tag-dvd-auf-den-spuren-des-steinbocks-it","8":"pa_sprache-italiano-it-2","9":"pa_sprache-tedesco-it","10":"pa_title_tag-dvd-auf-den-spuren-des-steinbocks-4","12":"first","13":"instock","14":"taxable","15":"shipping-taxable","16":"purchasable","17":"product-type-variable"},"_links":{"self":[{"href":"https:\/\/geosfilm.com\/it\/wp-json\/wp\/v2\/product\/1575","targetHints":{"allow":["GET"]}}],"collection":[{"href":"https:\/\/geosfilm.com\/it\/wp-json\/wp\/v2\/product"}],"about":[{"href":"https:\/\/geosfilm.com\/it\/wp-json\/wp\/v2\/types\/product"}],"wp:featuredmedia":[{"embeddable":true,"href":"https:\/\/geosfilm.com\/it\/wp-json\/wp\/v2\/media\/1577"}],"wp:attachment":[{"href":"https:\/\/geosfilm.com\/it\/wp-json\/wp\/v2\/media?parent=1575"}],"wp:term":[{"taxonomy":"product_brand","embeddable":true,"href":"https:\/\/geosfilm.com\/it\/wp-json\/wp\/v2\/product_brand?post=1575"},{"taxonomy":"product_cat","embeddable":true,"href":"https:\/\/geosfilm.com\/it\/wp-json\/wp\/v2\/product_cat?post=1575"},{"taxonomy":"product_tag","embeddable":true,"href":"https:\/\/geosfilm.com\/it\/wp-json\/wp\/v2\/product_tag?post=1575"}],"curies":[{"name":"wp","href":"https:\/\/api.w.org\/{rel}","templated":true}]}}