{"id":1413,"date":"2023-11-01T12:18:41","date_gmt":"2023-11-01T11:18:41","guid":{"rendered":"https:\/\/solang-der-herrgott-will.it\/?post_type=product&#038;p=1413"},"modified":"2023-12-27T21:56:13","modified_gmt":"2023-12-27T21:56:13","slug":"im-garten-der-dolomiten-3","status":"publish","type":"product","link":"https:\/\/geosfilm.com\/it\/produkt\/im-garten-der-dolomiten-3\/","title":{"rendered":"Im Garten der Dolomiten"},"content":{"rendered":"<p>Durch die Hocht\u00e4ler Ost- und S\u00fcdtirols<\/p>\n<p> Ein Hubert Sch\u00f6negger Film<\/p>\n<p> Seit Jahrhunderten pr\u00e4gt das Zusammenspiel zwischen Mensch und Natur die Hocht\u00e4ler Ost- und S\u00fcdtirols. Bestimmt vom Gang der Jahreszeiten wechselten hier einst Entbehrung und \u00dcberfluss einander ab. Br\u00e4uche und Traditionen der Region wurden durch diesen Wechsel gepr\u00e4gt. Fruchtbare Almwiesen und schroffe Felsformationen, &#8211; nur ein scheinbarer Gegensatz, in einem Land, wo Natur und Kultur in ihrer Urspr\u00fcnglichkeit eng verbunden blieben. Die abwechslungsreiche Landschaft und die vielschichtige Kultur im Reich der Dolomiten l\u00e4dt immer wieder ein, zur\u00fcckzukehren und neues, bislang unbekanntes, zu entdecken..<\/p>\n<p>L\u00e4nge ca.43min.<\/p>\n","protected":false},"excerpt":{"rendered":"<p>Durch die Hocht\u00e4ler Ost- und S\u00fcdtirols Ein Hubert Sch\u00f6negger Film Seit Jahrhunderten pr\u00e4gt das Zusammenspiel zwischen Mensch und Natur die Hocht\u00e4ler Ost- und S\u00fcdtirols. Bestimmt vom Gang der Jahreszeiten wechselten hier einst Entbehrung und \u00dcberfluss einander ab. Br\u00e4uche und Traditionen der Region wurden durch diesen Wechsel gepr\u00e4gt. Fruchtbare Almwiesen und schroffe Felsformationen, &#8211; nur ein&hellip;&nbsp;<a href=\"https:\/\/geosfilm.com\/it\/produkt\/im-garten-der-dolomiten-3\/\" rel=\"bookmark\">Leggi tutto &raquo;<span class=\"screen-reader-text\">Im Garten der Dolomiten<\/span><\/a><\/p>\n","protected":false},"featured_media":1415,"template":"","meta":{"prwc_products":"","prwc_not_all_products_required":false,"prwc_not_bought_page":"","prwc_redirect_not_bought":false,"prwc_not_logged_in_page":"","prwc_redirect_not_logged_in":false,"prwc_timeout_days":0,"prwc_timeout_hours":0,"prwc_timeout_minutes":0,"prwc_timeout_seconds":0,"prwc_timeout_views":0,"neve_meta_sidebar":"","neve_meta_container":"","neve_meta_enable_content_width":"","neve_meta_content_width":0,"neve_meta_title_alignment":"","neve_meta_author_avatar":"","neve_post_elements_order":"","neve_meta_disable_header":"","neve_meta_disable_footer":"","neve_meta_disable_title":"","_themeisle_gutenberg_block_has_review":false},"product_brand":[],"product_cat":[302],"product_tag":[],"class_list":{"0":"post-1413","1":"product","2":"type-product","3":"status-publish","4":"has-post-thumbnail","6":"product_cat-tutti-i-film","7":"pa_description_tag-dvd-im-garten-der-dolomiten-it","8":"pa_sprache-italiano-it-2","9":"pa_sprache-tedesco-it","10":"pa_title_tag-dvd-im-garten-der-dolomiten-4","12":"first","13":"instock","14":"taxable","15":"shipping-taxable","16":"purchasable","17":"product-type-variable"},"_links":{"self":[{"href":"https:\/\/geosfilm.com\/it\/wp-json\/wp\/v2\/product\/1413","targetHints":{"allow":["GET"]}}],"collection":[{"href":"https:\/\/geosfilm.com\/it\/wp-json\/wp\/v2\/product"}],"about":[{"href":"https:\/\/geosfilm.com\/it\/wp-json\/wp\/v2\/types\/product"}],"wp:featuredmedia":[{"embeddable":true,"href":"https:\/\/geosfilm.com\/it\/wp-json\/wp\/v2\/media\/1415"}],"wp:attachment":[{"href":"https:\/\/geosfilm.com\/it\/wp-json\/wp\/v2\/media?parent=1413"}],"wp:term":[{"taxonomy":"product_brand","embeddable":true,"href":"https:\/\/geosfilm.com\/it\/wp-json\/wp\/v2\/product_brand?post=1413"},{"taxonomy":"product_cat","embeddable":true,"href":"https:\/\/geosfilm.com\/it\/wp-json\/wp\/v2\/product_cat?post=1413"},{"taxonomy":"product_tag","embeddable":true,"href":"https:\/\/geosfilm.com\/it\/wp-json\/wp\/v2\/product_tag?post=1413"}],"curies":[{"name":"wp","href":"https:\/\/api.w.org\/{rel}","templated":true}]}}