{"id":1363,"date":"2023-11-01T12:16:35","date_gmt":"2023-11-01T11:16:35","guid":{"rendered":"https:\/\/solang-der-herrgott-will.it\/?post_type=product&#038;p=1363"},"modified":"2023-12-24T13:55:49","modified_gmt":"2023-12-24T13:55:49","slug":"tra-roverella-e-cembro","status":"publish","type":"product","link":"https:\/\/geosfilm.com\/it\/produkt\/tra-roverella-e-cembro\/","title":{"rendered":"Tra roverella e cembro"},"content":{"rendered":"<p>Un\u00b4escursione tra i boschi dell\u00b4Alto Adige<\/p>\n<p> Un Film di Hubert Sch\u00f6negger &amp; Karl Mittermaier<\/p>\n<p> Come habitat naturale il bosco asolve a numerose funzioni e fornisce serviziall&#8217;uomo, la fauna e la flora. Quasi la met\u00e1 del territorio sudtirolese, che si estende per circa 740.000 ettari, \u00e8 coperto da boschi. In totale i boschi ricoprono 322.000 ettari, cio\u00e8 il 44% della provincia. Il nesso tra bosco e montagna \u00e8 unico in Alto Adige. Infatti il limite del bosco tocca l&#8217;imponente paesaggio roccioso. Da sempre il bosco \u00e8 un habitat ideale per gli animali e le piante. In armonia con il terreno, la posizione e il clima si sono evolute le associazioni boschive pi\u00f9 varie.<\/p>\n<p>Durata ca.45min.<\/p>\n","protected":false},"excerpt":{"rendered":"<p>Un\u00b4escursione tra i boschi dell\u00b4Alto Adige Un Film di Hubert Sch\u00f6negger &amp; Karl Mittermaier Come habitat naturale il bosco asolve a numerose funzioni e fornisce serviziall&#8217;uomo, la fauna e la flora. Quasi la met\u00e1 del territorio sudtirolese, che si estende per circa 740.000 ettari, \u00e8 coperto da boschi. In totale i boschi ricoprono 322.000 ettari,&hellip;&nbsp;<a href=\"https:\/\/geosfilm.com\/it\/produkt\/tra-roverella-e-cembro\/\" rel=\"bookmark\">Leggi tutto &raquo;<span class=\"screen-reader-text\">Tra roverella e cembro<\/span><\/a><\/p>\n","protected":false},"featured_media":1365,"template":"","meta":{"prwc_products":"","prwc_not_all_products_required":false,"prwc_not_bought_page":"","prwc_redirect_not_bought":false,"prwc_not_logged_in_page":"","prwc_redirect_not_logged_in":false,"prwc_timeout_days":0,"prwc_timeout_hours":0,"prwc_timeout_minutes":0,"prwc_timeout_seconds":0,"prwc_timeout_views":0,"neve_meta_sidebar":"","neve_meta_container":"","neve_meta_enable_content_width":"","neve_meta_content_width":0,"neve_meta_title_alignment":"","neve_meta_author_avatar":"","neve_post_elements_order":"","neve_meta_disable_header":"","neve_meta_disable_footer":"","neve_meta_disable_title":"","_themeisle_gutenberg_block_has_review":false},"product_brand":[],"product_cat":[302],"product_tag":[],"class_list":{"0":"post-1363","1":"product","2":"type-product","3":"status-publish","4":"has-post-thumbnail","6":"product_cat-tutti-i-film","7":"pa_description_tag-dvd-ein-streifzug-durch-die-walder-sudtirols-it","8":"pa_sprache-italiano-it-2","9":"pa_sprache-ladino-it","10":"pa_sprache-tedesco-it","11":"pa_title_tag-dvd-ein-streifzug-durch-die-walder-sudtirols-4","13":"first","14":"instock","15":"taxable","16":"shipping-taxable","17":"purchasable","18":"product-type-variable"},"_links":{"self":[{"href":"https:\/\/geosfilm.com\/it\/wp-json\/wp\/v2\/product\/1363","targetHints":{"allow":["GET"]}}],"collection":[{"href":"https:\/\/geosfilm.com\/it\/wp-json\/wp\/v2\/product"}],"about":[{"href":"https:\/\/geosfilm.com\/it\/wp-json\/wp\/v2\/types\/product"}],"wp:featuredmedia":[{"embeddable":true,"href":"https:\/\/geosfilm.com\/it\/wp-json\/wp\/v2\/media\/1365"}],"wp:attachment":[{"href":"https:\/\/geosfilm.com\/it\/wp-json\/wp\/v2\/media?parent=1363"}],"wp:term":[{"taxonomy":"product_brand","embeddable":true,"href":"https:\/\/geosfilm.com\/it\/wp-json\/wp\/v2\/product_brand?post=1363"},{"taxonomy":"product_cat","embeddable":true,"href":"https:\/\/geosfilm.com\/it\/wp-json\/wp\/v2\/product_cat?post=1363"},{"taxonomy":"product_tag","embeddable":true,"href":"https:\/\/geosfilm.com\/it\/wp-json\/wp\/v2\/product_tag?post=1363"}],"curies":[{"name":"wp","href":"https:\/\/api.w.org\/{rel}","templated":true}]}}