{"id":8394,"date":"2025-11-06T20:34:30","date_gmt":"2025-11-06T19:34:30","guid":{"rendered":"https:\/\/geosfilm.com\/?post_type=product&#038;p=8394"},"modified":"2025-11-06T20:36:11","modified_gmt":"2025-11-06T19:36:11","slug":"traenen-der-sextner-dolomiten-kopie-kopie-kopie","status":"publish","type":"product","link":"https:\/\/geosfilm.com\/en\/produkt\/traenen-der-sextner-dolomiten-kopie-kopie-kopie\/","title":{"rendered":"Tr\u00e4nen der Sextner Dolomiten (Kopie) (Kopie) (Kopie)"},"content":{"rendered":"<p>Ein Film von Hubert Sch\u00f6negger<\/p>\n<p>Wie sein Widersacher Peter, wird Franz als Standsch\u00fctze 1915 zum Milit\u00e4rdienst an die Dolomitenfront eingezogen. Er stammt aus einer italienisch-deutschen Ehe, hat es deswegen ohnehin schwer, sich gegen die Vorurteile und den Fremdenhass im Dorf zu wehren. Seitdem der Krieg mit den Italienern droht, ist es besonders hart geworden. Peter ist befreundet mit Anna und er liebt sie. Anna ist sich nicht sicher. Sie ist die Tochter des Arztes und bald Krankenschwester &#8211; im Lazarett. Und sie wirft nun ausgerechnet ein Auge auf Franz. Peter hat Franz noch nie gemocht. Nun sind die beiden Konkurrenten, werden zu verbitterten Feinden und finden sich prompt in derselben Einheit wieder. Sie m\u00fcssen zusammen stehen und reifen im Krieg zu Kameraden in Fels und Eis. Beide lernen ihre Grenzen kennen, zu \u00fcberschreiten und freunden sich sogar an. Diese Freundschaft hilft ihnen, im dramatischen, entbehrungsreichen Kampf gegen den Feind, gegen grausame Vorgesetzte, gegen den gr\u00f6\u00dften Gegner &#8211; die unbarmherzige, extreme Natur des Hochgebirges &#8211; aber auch gegen die eigenen Schw\u00e4chen zu bestehen. Doch nur einer der beiden Freunde kehrt von der schweren Pr\u00fcfung an der Front der Sextner Dolomiten zur\u00fcck&#8230;<\/p>\n<p>L\u00e4nge ca.134min.<\/p>\n<p>Sprachen: Deutsch, Italienisch<br \/>Untertitel (option): Englisch<\/p>\n","protected":false},"excerpt":{"rendered":"<p>Ein Film von Hubert Sch\u00f6negger Wie sein Widersacher Peter, wird Franz als Standsch\u00fctze 1915 zum Milit\u00e4rdienst an die Dolomitenfront eingezogen. Er stammt aus einer italienisch-deutschen Ehe, hat es deswegen ohnehin schwer, sich gegen die Vorurteile und den Fremdenhass im Dorf zu wehren. Seitdem der Krieg mit den Italienern droht, ist es besonders hart geworden. Peter&hellip;&nbsp;<a href=\"https:\/\/geosfilm.com\/en\/produkt\/traenen-der-sextner-dolomiten-kopie-kopie-kopie\/\" rel=\"bookmark\">Read More &raquo;<span class=\"screen-reader-text\">Tr\u00e4nen der Sextner Dolomiten (Kopie) (Kopie) (Kopie)<\/span><\/a><\/p>\n","protected":false},"featured_media":8397,"template":"","meta":{"prwc_products":"","prwc_not_all_products_required":false,"prwc_not_bought_page":"","prwc_redirect_not_bought":false,"prwc_not_logged_in_page":"","prwc_redirect_not_logged_in":false,"prwc_timeout_days":0,"prwc_timeout_hours":0,"prwc_timeout_minutes":0,"prwc_timeout_seconds":0,"prwc_timeout_views":0,"neve_meta_sidebar":"","neve_meta_container":"","neve_meta_enable_content_width":"off","neve_meta_content_width":100,"neve_meta_title_alignment":"","neve_meta_author_avatar":"","neve_post_elements_order":"","neve_meta_disable_header":"","neve_meta_disable_footer":"","neve_meta_disable_title":"","_themeisle_gutenberg_block_has_review":false},"product_brand":[],"product_cat":[621],"product_tag":[630],"class_list":{"0":"post-8394","1":"product","2":"type-product","3":"status-publish","4":"has-post-thumbnail","6":"product_cat-streams-en","7":"product_tag-stream-en","9":"first","10":"instock","11":"sale","12":"virtual","13":"taxable","14":"purchasable","15":"product-type-simple"},"_links":{"self":[{"href":"https:\/\/geosfilm.com\/en\/wp-json\/wp\/v2\/product\/8394","targetHints":{"allow":["GET"]}}],"collection":[{"href":"https:\/\/geosfilm.com\/en\/wp-json\/wp\/v2\/product"}],"about":[{"href":"https:\/\/geosfilm.com\/en\/wp-json\/wp\/v2\/types\/product"}],"wp:featuredmedia":[{"embeddable":true,"href":"https:\/\/geosfilm.com\/en\/wp-json\/wp\/v2\/media\/8397"}],"wp:attachment":[{"href":"https:\/\/geosfilm.com\/en\/wp-json\/wp\/v2\/media?parent=8394"}],"wp:term":[{"taxonomy":"product_brand","embeddable":true,"href":"https:\/\/geosfilm.com\/en\/wp-json\/wp\/v2\/product_brand?post=8394"},{"taxonomy":"product_cat","embeddable":true,"href":"https:\/\/geosfilm.com\/en\/wp-json\/wp\/v2\/product_cat?post=8394"},{"taxonomy":"product_tag","embeddable":true,"href":"https:\/\/geosfilm.com\/en\/wp-json\/wp\/v2\/product_tag?post=8394"}],"curies":[{"name":"wp","href":"https:\/\/api.w.org\/{rel}","templated":true}]}}