{"id":1858,"date":"2023-11-27T13:49:08","date_gmt":"2023-11-27T12:49:08","guid":{"rendered":"https:\/\/solang-der-herrgott-will.it\/?post_type=product&#038;p=1858"},"modified":"2024-01-08T16:32:52","modified_gmt":"2024-01-08T16:32:52","slug":"das-auerhuhn-2","status":"publish","type":"product","link":"https:\/\/geosfilm.com\/en\/produkt\/das-auerhuhn-2\/","title":{"rendered":"Das Auerhuhn"},"content":{"rendered":"<p>Das Auerhuhn, ein Relikt aus der Eiszeit<\/p>\n<p>Ein Film von Hubert Sch\u00f6negger<\/p>\n<p>Schnee und Eis pr\u00e4gten vor 10.000 Jahren weite Teile Europas. Bald jedoch sollte sich der Kontinent aus dem frostigen Griff befreien k\u00f6nnen.\u00a0<\/p>\n<p>Mit dem Ende der W\u00fcrm-Eiszeit begann der Siegeszug der Nadelw\u00e4lder im Alpenraum. Und mit ihnen kam auch eine der faszinierendsten und zugleich geheimnisvollsten Vogelarten nach Europa.<\/p>\n<p>Seit der letzten Eiszeit ist das Auerhuhn fixer Bestandteil der alpinen Fauna. Die Beobachtung eines dieser pr\u00e4chtigen Charakterv\u00f6gel z\u00e4hlt mit zu den faszinierendsten Erlebnissen in den heimischen Bergw\u00e4ldern. Ob es uns auch in Zukunft m\u00f6glich sein wird, das das Auerhuhn in seinem nat\u00fcrlichen Lebensraum zu sehen, h\u00e4ngt zu einem gro\u00dfen Teil von uns Menschen ab.<\/p>\n","protected":false},"excerpt":{"rendered":"<p>Das Auerhuhn, ein Relikt aus der Eiszeit Ein Film von Hubert Sch\u00f6negger Schnee und Eis pr\u00e4gten vor 10.000 Jahren weite Teile Europas. Bald jedoch sollte sich der Kontinent aus dem frostigen Griff befreien k\u00f6nnen.\u00a0 Mit dem Ende der W\u00fcrm-Eiszeit begann der Siegeszug der Nadelw\u00e4lder im Alpenraum. Und mit ihnen kam auch eine der faszinierendsten und&hellip;&nbsp;<a href=\"https:\/\/geosfilm.com\/en\/produkt\/das-auerhuhn-2\/\" rel=\"bookmark\">Read More &raquo;<span class=\"screen-reader-text\">Das Auerhuhn<\/span><\/a><\/p>\n","protected":false},"featured_media":1859,"template":"","meta":{"prwc_products":"","prwc_not_all_products_required":false,"prwc_not_bought_page":"","prwc_redirect_not_bought":false,"prwc_not_logged_in_page":"","prwc_redirect_not_logged_in":false,"prwc_timeout_days":0,"prwc_timeout_hours":0,"prwc_timeout_minutes":0,"prwc_timeout_seconds":0,"prwc_timeout_views":0,"neve_meta_sidebar":"","neve_meta_container":"","neve_meta_enable_content_width":"","neve_meta_content_width":0,"neve_meta_title_alignment":"","neve_meta_author_avatar":"","neve_post_elements_order":"","neve_meta_disable_header":"","neve_meta_disable_footer":"","neve_meta_disable_title":"","_themeisle_gutenberg_block_has_review":false},"product_brand":[],"product_cat":[301],"product_tag":[],"class_list":{"0":"post-1858","1":"product","2":"type-product","3":"status-publish","4":"has-post-thumbnail","6":"product_cat-all-movies","8":"first","9":"onbackorder","10":"taxable","11":"shipping-taxable","12":"purchasable","13":"product-type-variable"},"_links":{"self":[{"href":"https:\/\/geosfilm.com\/en\/wp-json\/wp\/v2\/product\/1858","targetHints":{"allow":["GET"]}}],"collection":[{"href":"https:\/\/geosfilm.com\/en\/wp-json\/wp\/v2\/product"}],"about":[{"href":"https:\/\/geosfilm.com\/en\/wp-json\/wp\/v2\/types\/product"}],"wp:featuredmedia":[{"embeddable":true,"href":"https:\/\/geosfilm.com\/en\/wp-json\/wp\/v2\/media\/1859"}],"wp:attachment":[{"href":"https:\/\/geosfilm.com\/en\/wp-json\/wp\/v2\/media?parent=1858"}],"wp:term":[{"taxonomy":"product_brand","embeddable":true,"href":"https:\/\/geosfilm.com\/en\/wp-json\/wp\/v2\/product_brand?post=1858"},{"taxonomy":"product_cat","embeddable":true,"href":"https:\/\/geosfilm.com\/en\/wp-json\/wp\/v2\/product_cat?post=1858"},{"taxonomy":"product_tag","embeddable":true,"href":"https:\/\/geosfilm.com\/en\/wp-json\/wp\/v2\/product_tag?post=1858"}],"curies":[{"name":"wp","href":"https:\/\/api.w.org\/{rel}","templated":true}]}}